{"id":17,"date":"2025-01-29T11:25:04","date_gmt":"2025-01-29T11:25:04","guid":{"rendered":"https:\/\/lumereviews.com\/?page_id=17"},"modified":"2025-01-29T11:25:04","modified_gmt":"2025-01-29T11:25:04","slug":"blog","status":"publish","type":"page","link":"https:\/\/platforms-reviews.online\/fr\/blog\/","title":{"rendered":"Blog"},"content":{"rendered":"<div class=\"wp-block-group alignwide has-global-padding is-layout-constrained wp-block-group-is-layout-constrained\">\n<div class=\"wp-block-query alignwide is-style-gs-brdnpaddradius is-layout-flow wp-block-query-is-layout-flow\"><ul class=\"columns-3 wp-block-post-template is-layout-grid wp-container-core-post-template-is-layout-6d3fbd8f wp-block-post-template-is-layout-grid\"><li class=\"wp-block-post post-271 post type-post status-publish format-standard has-post-thumbnail hentry category-blog\">\n<figure style=\"height:230px; padding-top:0;padding-bottom:0;padding-left:0;padding-right:0;margin-bottom:0;\" class=\"gs-hover-scale-img wp-block-post-featured-image\"><a href=\"https:\/\/platforms-reviews.online\/fr\/2025\/12\/17\/how-trading-multiple-markets-strengthens-long-term-trading-performance\/\" target=\"_self\"  style=\"height:230px\"><img loading=\"lazy\" decoding=\"async\" width=\"2560\" height=\"1707\" src=\"https:\/\/platforms-reviews.online\/wp-content\/uploads\/2025\/12\/How-Trading-Multiple-Markets-Strengthens-Long-Term-Trading-Performance-scaled.webp\" class=\"attachment-post-thumbnail size-post-thumbnail wp-post-image\" alt=\"How Trading Multiple Markets Strengthens Long-Term Trading Performance\" style=\"border-radius:12px;height:230px;object-fit:cover;\" srcset=\"https:\/\/platforms-reviews.online\/wp-content\/uploads\/2025\/12\/How-Trading-Multiple-Markets-Strengthens-Long-Term-Trading-Performance-scaled.webp 2560w, https:\/\/platforms-reviews.online\/wp-content\/uploads\/2025\/12\/How-Trading-Multiple-Markets-Strengthens-Long-Term-Trading-Performance-300x200.webp 300w, https:\/\/platforms-reviews.online\/wp-content\/uploads\/2025\/12\/How-Trading-Multiple-Markets-Strengthens-Long-Term-Trading-Performance-1024x683.webp 1024w, https:\/\/platforms-reviews.online\/wp-content\/uploads\/2025\/12\/How-Trading-Multiple-Markets-Strengthens-Long-Term-Trading-Performance-768x512.webp 768w, https:\/\/platforms-reviews.online\/wp-content\/uploads\/2025\/12\/How-Trading-Multiple-Markets-Strengthens-Long-Term-Trading-Performance-1536x1024.webp 1536w, https:\/\/platforms-reviews.online\/wp-content\/uploads\/2025\/12\/How-Trading-Multiple-Markets-Strengthens-Long-Term-Trading-Performance-2048x1366.webp 2048w\" sizes=\"auto, (max-width: 2560px) 100vw, 2560px\" \/><\/a><\/figure>\n\n\n<div class=\"wp-block-group is-layout-flow wp-container-core-group-is-layout-1e03fd0d wp-block-group-is-layout-flow\" style=\"padding-top:8px;padding-right:8px;padding-bottom:8px;padding-left:8px\"><h3 style=\"line-height:1.4;\" class=\"wp-block-post-title has-subheading-font-size\"><a href=\"https:\/\/platforms-reviews.online\/fr\/2025\/12\/17\/how-trading-multiple-markets-strengthens-long-term-trading-performance\/\" target=\"_self\" >Comment le trading de plusieurs march\u00e9s renforce la performance \u00e0 long terme du trading<\/a><\/h3>\n\n<div class=\"wp-block-post-excerpt has-small-font-size\"><p class=\"wp-block-post-excerpt__excerpt\">Les march\u00e9s financiers ne bougent pas de mani\u00e8re isol\u00e9e. Les actions, le forex, les mati\u00e8res premi\u00e8res et\u2026<\/p><p class=\"wp-block-post-excerpt__more-text\"><a class=\"wp-block-post-excerpt__more-link\" href=\"https:\/\/platforms-reviews.online\/fr\/2025\/12\/17\/how-trading-multiple-markets-strengthens-long-term-trading-performance\/\">Lire la suite<\/a><\/p><\/div><\/div>\n\n<\/li><li class=\"wp-block-post post-268 post type-post status-publish format-standard has-post-thumbnail hentry category-blog\">\n<figure style=\"height:230px; padding-top:0;padding-bottom:0;padding-left:0;padding-right:0;margin-bottom:0;\" class=\"gs-hover-scale-img wp-block-post-featured-image\"><a href=\"https:\/\/platforms-reviews.online\/fr\/2025\/12\/17\/why-risk-management-matters-more-than-market-prediction\/\" target=\"_self\"  style=\"height:230px\"><img loading=\"lazy\" decoding=\"async\" width=\"2560\" height=\"1707\" src=\"https:\/\/platforms-reviews.online\/wp-content\/uploads\/2025\/12\/WhyRiskManagementMattersMoreThanMarketPrediction-ezgif.com-optiwebp-scaled.webp\" class=\"attachment-post-thumbnail size-post-thumbnail wp-post-image\" alt=\"Why Risk Management Matters More Than Market Prediction\" style=\"border-radius:12px;height:230px;object-fit:cover;\" srcset=\"https:\/\/platforms-reviews.online\/wp-content\/uploads\/2025\/12\/WhyRiskManagementMattersMoreThanMarketPrediction-ezgif.com-optiwebp-scaled.webp 2560w, https:\/\/platforms-reviews.online\/wp-content\/uploads\/2025\/12\/WhyRiskManagementMattersMoreThanMarketPrediction-ezgif.com-optiwebp-300x200.webp 300w, https:\/\/platforms-reviews.online\/wp-content\/uploads\/2025\/12\/WhyRiskManagementMattersMoreThanMarketPrediction-ezgif.com-optiwebp-1024x683.webp 1024w, https:\/\/platforms-reviews.online\/wp-content\/uploads\/2025\/12\/WhyRiskManagementMattersMoreThanMarketPrediction-ezgif.com-optiwebp-768x512.webp 768w, https:\/\/platforms-reviews.online\/wp-content\/uploads\/2025\/12\/WhyRiskManagementMattersMoreThanMarketPrediction-ezgif.com-optiwebp-1536x1024.webp 1536w, https:\/\/platforms-reviews.online\/wp-content\/uploads\/2025\/12\/WhyRiskManagementMattersMoreThanMarketPrediction-ezgif.com-optiwebp-2048x1365.webp 2048w\" sizes=\"auto, (max-width: 2560px) 100vw, 2560px\" \/><\/a><\/figure>\n\n\n<div class=\"wp-block-group is-layout-flow wp-container-core-group-is-layout-1e03fd0d wp-block-group-is-layout-flow\" style=\"padding-top:8px;padding-right:8px;padding-bottom:8px;padding-left:8px\"><h3 style=\"line-height:1.4;\" class=\"wp-block-post-title has-subheading-font-size\"><a href=\"https:\/\/platforms-reviews.online\/fr\/2025\/12\/17\/why-risk-management-matters-more-than-market-prediction\/\" target=\"_self\" >Pourquoi la gestion des risques est plus importante que la pr\u00e9diction du march\u00e9<\/a><\/h3>\n\n<div class=\"wp-block-post-excerpt has-small-font-size\"><p class=\"wp-block-post-excerpt__excerpt\">De nombreux nouveaux traders croient que le succ\u00e8s vient de la pr\u00e9diction correcte du march\u00e9.\u2026<\/p><p class=\"wp-block-post-excerpt__more-text\"><a class=\"wp-block-post-excerpt__more-link\" href=\"https:\/\/platforms-reviews.online\/fr\/2025\/12\/17\/why-risk-management-matters-more-than-market-prediction\/\">Lire la suite<\/a><\/p><\/div><\/div>\n\n<\/li><li class=\"wp-block-post post-265 post type-post status-publish format-standard has-post-thumbnail hentry category-uncategorized\">\n<figure style=\"height:230px; padding-top:0;padding-bottom:0;padding-left:0;padding-right:0;margin-bottom:0;\" class=\"gs-hover-scale-img wp-block-post-featured-image\"><a href=\"https:\/\/platforms-reviews.online\/fr\/2025\/12\/17\/how-supply-and-demand-drive-commodity-market-movements\/\" target=\"_self\"  style=\"height:230px\"><img loading=\"lazy\" decoding=\"async\" width=\"2560\" height=\"1778\" src=\"https:\/\/platforms-reviews.online\/wp-content\/uploads\/2025\/12\/HowSupplyAndDemandDriveCommodityMarketMovements-ezgif.com-optiwebp-scaled.webp\" class=\"attachment-post-thumbnail size-post-thumbnail wp-post-image\" alt=\"How Supply And Demand Drive Commodity Market Movements\" style=\"border-radius:12px;height:230px;object-fit:cover;\" srcset=\"https:\/\/platforms-reviews.online\/wp-content\/uploads\/2025\/12\/HowSupplyAndDemandDriveCommodityMarketMovements-ezgif.com-optiwebp-scaled.webp 2560w, https:\/\/platforms-reviews.online\/wp-content\/uploads\/2025\/12\/HowSupplyAndDemandDriveCommodityMarketMovements-ezgif.com-optiwebp-300x208.webp 300w, https:\/\/platforms-reviews.online\/wp-content\/uploads\/2025\/12\/HowSupplyAndDemandDriveCommodityMarketMovements-ezgif.com-optiwebp-1024x711.webp 1024w, https:\/\/platforms-reviews.online\/wp-content\/uploads\/2025\/12\/HowSupplyAndDemandDriveCommodityMarketMovements-ezgif.com-optiwebp-768x533.webp 768w, https:\/\/platforms-reviews.online\/wp-content\/uploads\/2025\/12\/HowSupplyAndDemandDriveCommodityMarketMovements-ezgif.com-optiwebp-1536x1067.webp 1536w, https:\/\/platforms-reviews.online\/wp-content\/uploads\/2025\/12\/HowSupplyAndDemandDriveCommodityMarketMovements-ezgif.com-optiwebp-2048x1422.webp 2048w\" sizes=\"auto, (max-width: 2560px) 100vw, 2560px\" \/><\/a><\/figure>\n\n\n<div class=\"wp-block-group is-layout-flow wp-container-core-group-is-layout-1e03fd0d wp-block-group-is-layout-flow\" style=\"padding-top:8px;padding-right:8px;padding-bottom:8px;padding-left:8px\"><h3 style=\"line-height:1.4;\" class=\"wp-block-post-title has-subheading-font-size\"><a href=\"https:\/\/platforms-reviews.online\/fr\/2025\/12\/17\/how-supply-and-demand-drive-commodity-market-movements\/\" target=\"_self\" >Comment l\u2019offre et la demande influencent les mouvements du march\u00e9 des mati\u00e8res premi\u00e8res<\/a><\/h3>\n\n<div class=\"wp-block-post-excerpt has-small-font-size\"><p class=\"wp-block-post-excerpt__excerpt\">Les march\u00e9s des mati\u00e8res premi\u00e8res sont \u00e9troitement li\u00e9s \u00e0 la production r\u00e9elle, \u00e0 la consommation et aux tendances mondiales\u2026<\/p><p class=\"wp-block-post-excerpt__more-text\"><a class=\"wp-block-post-excerpt__more-link\" href=\"https:\/\/platforms-reviews.online\/fr\/2025\/12\/17\/how-supply-and-demand-drive-commodity-market-movements\/\">Lire la suite<\/a><\/p><\/div><\/div>\n\n<\/li><li class=\"wp-block-post post-262 post type-post status-publish format-standard has-post-thumbnail hentry category-uncategorized\">\n<figure style=\"height:230px; padding-top:0;padding-bottom:0;padding-left:0;padding-right:0;margin-bottom:0;\" class=\"gs-hover-scale-img wp-block-post-featured-image\"><a href=\"https:\/\/platforms-reviews.online\/fr\/2025\/12\/17\/how-forex-traders-use-global-economic-trends-to-shape-strategy\/\" target=\"_self\"  style=\"height:230px\"><img loading=\"lazy\" decoding=\"async\" width=\"2560\" height=\"1706\" src=\"https:\/\/platforms-reviews.online\/wp-content\/uploads\/2025\/12\/How-Forex-Traders-Use-Global-Economic-Trends-To-Shape-Strategy-scaled.webp\" class=\"attachment-post-thumbnail size-post-thumbnail wp-post-image\" alt=\"How Forex Traders Use Global Economic Trends To Shape Strategy\" style=\"border-radius:12px;height:230px;object-fit:cover;\" srcset=\"https:\/\/platforms-reviews.online\/wp-content\/uploads\/2025\/12\/How-Forex-Traders-Use-Global-Economic-Trends-To-Shape-Strategy-scaled.webp 2560w, https:\/\/platforms-reviews.online\/wp-content\/uploads\/2025\/12\/How-Forex-Traders-Use-Global-Economic-Trends-To-Shape-Strategy-300x200.webp 300w, https:\/\/platforms-reviews.online\/wp-content\/uploads\/2025\/12\/How-Forex-Traders-Use-Global-Economic-Trends-To-Shape-Strategy-1024x683.webp 1024w, https:\/\/platforms-reviews.online\/wp-content\/uploads\/2025\/12\/How-Forex-Traders-Use-Global-Economic-Trends-To-Shape-Strategy-768x512.webp 768w, https:\/\/platforms-reviews.online\/wp-content\/uploads\/2025\/12\/How-Forex-Traders-Use-Global-Economic-Trends-To-Shape-Strategy-1536x1024.webp 1536w, https:\/\/platforms-reviews.online\/wp-content\/uploads\/2025\/12\/How-Forex-Traders-Use-Global-Economic-Trends-To-Shape-Strategy-2048x1365.webp 2048w\" sizes=\"auto, (max-width: 2560px) 100vw, 2560px\" \/><\/a><\/figure>\n\n\n<div class=\"wp-block-group is-layout-flow wp-container-core-group-is-layout-1e03fd0d wp-block-group-is-layout-flow\" style=\"padding-top:8px;padding-right:8px;padding-bottom:8px;padding-left:8px\"><h3 style=\"line-height:1.4;\" class=\"wp-block-post-title has-subheading-font-size\"><a href=\"https:\/\/platforms-reviews.online\/fr\/2025\/12\/17\/how-forex-traders-use-global-economic-trends-to-shape-strategy\/\" target=\"_self\" >Comment les traders Forex utilisent les tendances \u00e9conomiques mondiales pour fa\u00e7onner leur strat\u00e9gie<\/a><\/h3>\n\n<div class=\"wp-block-post-excerpt has-small-font-size\"><p class=\"wp-block-post-excerpt__excerpt\">Le trading Forex est profond\u00e9ment li\u00e9 \u00e0 l\u2019\u00e9conomie mondiale. La valeur des devises\u2026<\/p><p class=\"wp-block-post-excerpt__more-text\"><a class=\"wp-block-post-excerpt__more-link\" href=\"https:\/\/platforms-reviews.online\/fr\/2025\/12\/17\/how-forex-traders-use-global-economic-trends-to-shape-strategy\/\">Lire la suite<\/a><\/p><\/div><\/div>\n\n<\/li><li class=\"wp-block-post post-258 post type-post status-publish format-standard has-post-thumbnail hentry category-uncategorized\">\n<figure style=\"height:230px; padding-top:0;padding-bottom:0;padding-left:0;padding-right:0;margin-bottom:0;\" class=\"gs-hover-scale-img wp-block-post-featured-image\"><a href=\"https:\/\/platforms-reviews.online\/fr\/2025\/12\/17\/practical-cryptocurrency-trading-strategies-for-modern-markets\/\" target=\"_self\"  style=\"height:230px\"><img loading=\"lazy\" decoding=\"async\" width=\"2560\" height=\"1708\" src=\"https:\/\/platforms-reviews.online\/wp-content\/uploads\/2025\/12\/Practical-Cryptocurrency-Trading-Strategies-For-Modern-Markets-scaled.webp\" class=\"attachment-post-thumbnail size-post-thumbnail wp-post-image\" alt=\"Practical Cryptocurrency Trading Strategies For Modern Markets\" style=\"border-radius:12px;height:230px;object-fit:cover;\" srcset=\"https:\/\/platforms-reviews.online\/wp-content\/uploads\/2025\/12\/Practical-Cryptocurrency-Trading-Strategies-For-Modern-Markets-scaled.webp 2560w, https:\/\/platforms-reviews.online\/wp-content\/uploads\/2025\/12\/Practical-Cryptocurrency-Trading-Strategies-For-Modern-Markets-300x200.webp 300w, https:\/\/platforms-reviews.online\/wp-content\/uploads\/2025\/12\/Practical-Cryptocurrency-Trading-Strategies-For-Modern-Markets-1024x683.webp 1024w, https:\/\/platforms-reviews.online\/wp-content\/uploads\/2025\/12\/Practical-Cryptocurrency-Trading-Strategies-For-Modern-Markets-768x512.webp 768w, https:\/\/platforms-reviews.online\/wp-content\/uploads\/2025\/12\/Practical-Cryptocurrency-Trading-Strategies-For-Modern-Markets-1536x1025.webp 1536w, https:\/\/platforms-reviews.online\/wp-content\/uploads\/2025\/12\/Practical-Cryptocurrency-Trading-Strategies-For-Modern-Markets-2048x1366.webp 2048w\" sizes=\"auto, (max-width: 2560px) 100vw, 2560px\" \/><\/a><\/figure>\n\n\n<div class=\"wp-block-group is-layout-flow wp-container-core-group-is-layout-1e03fd0d wp-block-group-is-layout-flow\" style=\"padding-top:8px;padding-right:8px;padding-bottom:8px;padding-left:8px\"><h3 style=\"line-height:1.4;\" class=\"wp-block-post-title has-subheading-font-size\"><a href=\"https:\/\/platforms-reviews.online\/fr\/2025\/12\/17\/practical-cryptocurrency-trading-strategies-for-modern-markets\/\" target=\"_self\" >Strat\u00e9gies pratiques de trading de crypto-monnaies pour les march\u00e9s modernes<\/a><\/h3>\n\n<div class=\"wp-block-post-excerpt has-small-font-size\"><p class=\"wp-block-post-excerpt__excerpt\">Le trading de crypto-monnaies a \u00e9volu\u00e9 bien au-del\u00e0 du simple achat et de la d\u00e9tention. Comme\u2026<\/p><p class=\"wp-block-post-excerpt__more-text\"><a class=\"wp-block-post-excerpt__more-link\" href=\"https:\/\/platforms-reviews.online\/fr\/2025\/12\/17\/practical-cryptocurrency-trading-strategies-for-modern-markets\/\">Lire la suite<\/a><\/p><\/div><\/div>\n\n<\/li><li class=\"wp-block-post post-255 post type-post status-publish format-standard has-post-thumbnail hentry category-blog\">\n<figure style=\"height:230px; padding-top:0;padding-bottom:0;padding-left:0;padding-right:0;margin-bottom:0;\" class=\"gs-hover-scale-img wp-block-post-featured-image\"><a href=\"https:\/\/platforms-reviews.online\/fr\/2025\/12\/17\/a-beginners-guide-to-forex-trading-in-global-markets\/\" target=\"_self\"  style=\"height:230px\"><img loading=\"lazy\" decoding=\"async\" width=\"2560\" height=\"1707\" src=\"https:\/\/platforms-reviews.online\/wp-content\/uploads\/2025\/12\/ABeginnersGuideToForexTradingInGlobalMarkets-ezgif.com-optiwebp-scaled.webp\" class=\"attachment-post-thumbnail size-post-thumbnail wp-post-image\" alt=\"A Beginner\u2019s Guide To Forex Trading In Global Markets\" style=\"border-radius:12px;height:230px;object-fit:cover;\" srcset=\"https:\/\/platforms-reviews.online\/wp-content\/uploads\/2025\/12\/ABeginnersGuideToForexTradingInGlobalMarkets-ezgif.com-optiwebp-scaled.webp 2560w, https:\/\/platforms-reviews.online\/wp-content\/uploads\/2025\/12\/ABeginnersGuideToForexTradingInGlobalMarkets-ezgif.com-optiwebp-300x200.webp 300w, https:\/\/platforms-reviews.online\/wp-content\/uploads\/2025\/12\/ABeginnersGuideToForexTradingInGlobalMarkets-ezgif.com-optiwebp-1024x683.webp 1024w, https:\/\/platforms-reviews.online\/wp-content\/uploads\/2025\/12\/ABeginnersGuideToForexTradingInGlobalMarkets-ezgif.com-optiwebp-768x512.webp 768w, https:\/\/platforms-reviews.online\/wp-content\/uploads\/2025\/12\/ABeginnersGuideToForexTradingInGlobalMarkets-ezgif.com-optiwebp-1536x1024.webp 1536w, https:\/\/platforms-reviews.online\/wp-content\/uploads\/2025\/12\/ABeginnersGuideToForexTradingInGlobalMarkets-ezgif.com-optiwebp-2048x1365.webp 2048w\" sizes=\"auto, (max-width: 2560px) 100vw, 2560px\" \/><\/a><\/figure>\n\n\n<div class=\"wp-block-group is-layout-flow wp-container-core-group-is-layout-1e03fd0d wp-block-group-is-layout-flow\" style=\"padding-top:8px;padding-right:8px;padding-bottom:8px;padding-left:8px\"><h3 style=\"line-height:1.4;\" class=\"wp-block-post-title has-subheading-font-size\"><a href=\"https:\/\/platforms-reviews.online\/fr\/2025\/12\/17\/a-beginners-guide-to-forex-trading-in-global-markets\/\" target=\"_self\" >Guide pour d\u00e9butants du trading Forex sur les march\u00e9s mondiaux<\/a><\/h3>\n\n<div class=\"wp-block-post-excerpt has-small-font-size\"><p class=\"wp-block-post-excerpt__excerpt\">Le trading Forex est le plus grand et le plus liquide des march\u00e9s financiers dans\u2026<\/p><p class=\"wp-block-post-excerpt__more-text\"><a class=\"wp-block-post-excerpt__more-link\" href=\"https:\/\/platforms-reviews.online\/fr\/2025\/12\/17\/a-beginners-guide-to-forex-trading-in-global-markets\/\">Lire la suite<\/a><\/p><\/div><\/div>\n\n<\/li><\/ul>\n\n\n<div style=\"height:50px\" aria-hidden=\"true\" class=\"wp-block-spacer\"><\/div>\n\n\n<nav class=\"wp-block-query-pagination is-content-justification-center is-layout-flex wp-container-core-query-pagination-is-layout-a89b3969 wp-block-query-pagination-is-layout-flex\" aria-label=\"Pagination\">\n\n\n<div class=\"wp-block-query-pagination-numbers\"><span aria-current=\"page\" class=\"page-numbers current\">1<\/span>\n<a class=\"page-numbers\" href=\"?query-22-page=2\">2<\/a><\/div>\n\n<a href=\"\/fr\/wp-json\/wp\/v2\/pages\/17?query-22-page=2\" class=\"wp-block-query-pagination-next\" aria-label=\"Page suivante\"><span class='wp-block-query-pagination-next-arrow is-arrow-arrow' aria-hidden='true'>\u2192<\/span><\/a>\n<\/nav><\/div>\n<\/div>","protected":false},"excerpt":{"rendered":"","protected":false},"author":1,"featured_media":0,"parent":0,"menu_order":0,"comment_status":"closed","ping_status":"closed","template":"page-with-title","meta":{"footnotes":""},"class_list":["post-17","page","type-page","status-publish","hentry"],"_links":{"self":[{"href":"https:\/\/platforms-reviews.online\/fr\/wp-json\/wp\/v2\/pages\/17","targetHints":{"allow":["GET"]}}],"collection":[{"href":"https:\/\/platforms-reviews.online\/fr\/wp-json\/wp\/v2\/pages"}],"about":[{"href":"https:\/\/platforms-reviews.online\/fr\/wp-json\/wp\/v2\/types\/page"}],"author":[{"embeddable":true,"href":"https:\/\/platforms-reviews.online\/fr\/wp-json\/wp\/v2\/users\/1"}],"replies":[{"embeddable":true,"href":"https:\/\/platforms-reviews.online\/fr\/wp-json\/wp\/v2\/comments?post=17"}],"version-history":[{"count":0,"href":"https:\/\/platforms-reviews.online\/fr\/wp-json\/wp\/v2\/pages\/17\/revisions"}],"wp:attachment":[{"href":"https:\/\/platforms-reviews.online\/fr\/wp-json\/wp\/v2\/media?parent=17"}],"curies":[{"name":"wp","href":"https:\/\/api.w.org\/{rel}","templated":true}]}}